{"id":789,"date":"2022-11-14T20:22:34","date_gmt":"2022-11-14T19:22:34","guid":{"rendered":"https:\/\/aerocielbleu.com\/?post_type=product&#038;p=789"},"modified":"2025-12-25T23:22:46","modified_gmt":"2025-12-25T22:22:46","slug":"initiation-a-lulm-60-minutes","status":"publish","type":"product","link":"https:\/\/aerocielbleu.com\/index.php\/product\/initiation-a-lulm-60-minutes\/","title":{"rendered":"Initiation \u00e0 l&rsquo;ULM &#8211; 60 minutes"},"content":{"rendered":"<p>D\u00e9couvrez le vol en ULM pr\u00e8s de Versailles (78) au cours d\u2019une initiation de 60 minutes.<\/p>\n<p>D\u00e9collez de l\u2019A\u00e9rodrome de Saint Cyr l\u2019Ecole, prenez votre envol afin de survoler le parc du Ch\u00e2teau de Versailles, la plaine de Versailles\u00a0 et la r\u00e9gion\u00a0des Yvelines\u00a0( ses ch\u00e2teaux, parcs et demeures, zoo de Thoiry etc\u2026) comme vous ne l\u2019avez jamais vue !<\/p>\n<p>S\u00e9curit\u00e9 et performance seront \u00e9galement au rendez-vous gr\u00e2ce au professionnalisme de votre pilote qui vous accompagnera dans un ULM multiaxes, J300.<\/p>\n","protected":false},"excerpt":{"rendered":"<p>D\u00e9couvrez le vol en ULM pr\u00e8s de Versailles (78) au cours d\u2019une initiation de 60 minutes. D\u00e9collez de l\u2019A\u00e9rodrome de Saint Cyr l\u2019Ecole, prenez votre envol afin de survoler le parc du Ch\u00e2teau de Versailles, la plaine de Versailles\u00a0 et la r\u00e9gion\u00a0des Yvelines\u00a0( ses ch\u00e2teaux, parcs et demeures, zoo de Thoiry etc\u2026) comme vous ne [&hellip;]<\/p>\n","protected":false},"featured_media":630,"comment_status":"open","ping_status":"closed","template":"","meta":{"site-sidebar-layout":"default","site-content-layout":"default","ast-site-content-layout":"default","site-content-style":"default","site-sidebar-style":"default","ast-global-header-display":"","ast-banner-title-visibility":"","ast-main-header-display":"","ast-hfb-above-header-display":"","ast-hfb-below-header-display":"","ast-hfb-mobile-header-display":"","site-post-title":"","ast-breadcrumbs-content":"","ast-featured-img":"","footer-sml-layout":"","ast-disable-related-posts":"","theme-transparent-header-meta":"default","adv-header-id-meta":"","stick-header-meta":"","header-above-stick-meta":"","header-main-stick-meta":"","header-below-stick-meta":"","astra-migrate-meta-layouts":"default","ast-page-background-enabled":"default","ast-page-background-meta":{"desktop":{"background-color":"","background-image":"","background-repeat":"repeat","background-position":"center center","background-size":"auto","background-attachment":"scroll","background-type":"","background-media":"","overlay-type":"","overlay-color":"","overlay-opacity":"","overlay-gradient":""},"tablet":{"background-color":"","background-image":"","background-repeat":"repeat","background-position":"center center","background-size":"auto","background-attachment":"scroll","background-type":"","background-media":"","overlay-type":"","overlay-color":"","overlay-opacity":"","overlay-gradient":""},"mobile":{"background-color":"","background-image":"","background-repeat":"repeat","background-position":"center center","background-size":"auto","background-attachment":"scroll","background-type":"","background-media":"","overlay-type":"","overlay-color":"","overlay-opacity":"","overlay-gradient":""}},"ast-content-background-meta":{"desktop":{"background-color":"var(--ast-global-color-5)","background-image":"","background-repeat":"repeat","background-position":"center center","background-size":"auto","background-attachment":"scroll","background-type":"","background-media":"","overlay-type":"","overlay-color":"","overlay-opacity":"","overlay-gradient":""},"tablet":{"background-color":"var(--ast-global-color-5)","background-image":"","background-repeat":"repeat","background-position":"center center","background-size":"auto","background-attachment":"scroll","background-type":"","background-media":"","overlay-type":"","overlay-color":"","overlay-opacity":"","overlay-gradient":""},"mobile":{"background-color":"var(--ast-global-color-5)","background-image":"","background-repeat":"repeat","background-position":"center center","background-size":"auto","background-attachment":"scroll","background-type":"","background-media":"","overlay-type":"","overlay-color":"","overlay-opacity":"","overlay-gradient":""}}},"product_brand":[],"product_cat":[27],"product_tag":[],"class_list":{"0":"post-789","1":"product","2":"type-product","3":"status-publish","4":"has-post-thumbnail","6":"product_cat-initiation-a-lulm","7":"desktop-align-left","8":"tablet-align-left","9":"mobile-align-left","11":"first","12":"instock","13":"downloadable","14":"virtual","15":"taxable","16":"purchasable","17":"product-type-simple"},"_links":{"self":[{"href":"https:\/\/aerocielbleu.com\/index.php\/wp-json\/wp\/v2\/product\/789","targetHints":{"allow":["GET"]}}],"collection":[{"href":"https:\/\/aerocielbleu.com\/index.php\/wp-json\/wp\/v2\/product"}],"about":[{"href":"https:\/\/aerocielbleu.com\/index.php\/wp-json\/wp\/v2\/types\/product"}],"replies":[{"embeddable":true,"href":"https:\/\/aerocielbleu.com\/index.php\/wp-json\/wp\/v2\/comments?post=789"}],"wp:featuredmedia":[{"embeddable":true,"href":"https:\/\/aerocielbleu.com\/index.php\/wp-json\/wp\/v2\/media\/630"}],"wp:attachment":[{"href":"https:\/\/aerocielbleu.com\/index.php\/wp-json\/wp\/v2\/media?parent=789"}],"wp:term":[{"taxonomy":"product_brand","embeddable":true,"href":"https:\/\/aerocielbleu.com\/index.php\/wp-json\/wp\/v2\/product_brand?post=789"},{"taxonomy":"product_cat","embeddable":true,"href":"https:\/\/aerocielbleu.com\/index.php\/wp-json\/wp\/v2\/product_cat?post=789"},{"taxonomy":"product_tag","embeddable":true,"href":"https:\/\/aerocielbleu.com\/index.php\/wp-json\/wp\/v2\/product_tag?post=789"}],"curies":[{"name":"wp","href":"https:\/\/api.w.org\/{rel}","templated":true}]}}